{"id":586,"date":"2024-05-20T12:36:25","date_gmt":"2024-05-20T09:36:25","guid":{"rendered":"https:\/\/toolonvire.fi\/privacy-notice\/"},"modified":"2024-06-18T09:32:20","modified_gmt":"2024-06-18T06:32:20","slug":"privacy-notice","status":"publish","type":"page","link":"https:\/\/toolonvire.fi\/en\/privacy-notice\/","title":{"rendered":"Privacy notice"},"content":{"rendered":"<p>[et_pb_section fb_built=&#8221;1&#8243; _builder_version=&#8221;4.24.3&#8243; _module_preset=&#8221;default&#8221; background_color=&#8221;#3C5B48&#8243; background_enable_image=&#8221;off&#8221; background_size=&#8221;contain&#8221; background_position=&#8221;bottom_right&#8221; custom_margin=&#8221;||||false|false&#8221; custom_padding=&#8221;20px||0px||false|false&#8221; global_colors_info=&#8221;{}&#8221; theme_builder_area=&#8221;post_content&#8221;][et_pb_row column_structure=&#8221;1_2,1_2&#8243; make_equal=&#8221;on&#8221; _builder_version=&#8221;4.24.3&#8243; _module_preset=&#8221;default&#8221; width_tablet=&#8221;&#8221; width_phone=&#8221;90%&#8221; width_last_edited=&#8221;on|phone&#8221; max_width=&#8221;1500px&#8221; custom_padding=&#8221;10px||0px||false|false&#8221; global_colors_info=&#8221;{}&#8221; theme_builder_area=&#8221;post_content&#8221;][et_pb_column type=&#8221;1_2&#8243; _builder_version=&#8221;4.24.3&#8243; _module_preset=&#8221;default&#8221; custom_padding=&#8221;|20px||20px|false|true&#8221; global_colors_info=&#8221;{}&#8221; theme_builder_area=&#8221;post_content&#8221;][et_pb_text _builder_version=&#8221;4.25.0&#8243; _module_preset=&#8221;default&#8221; text_text_color=&#8221;#F6E9D5&#8243; text_font_size=&#8221;23px&#8221; text_line_height=&#8221;1.5em&#8221; header_text_color=&#8221;#F6E9D5&#8243; header_font_size=&#8221;70px&#8221; custom_padding=&#8221;25%||||false|false&#8221; hover_enabled=&#8221;0&#8243; header_font_size_tablet=&#8221;70px&#8221; header_font_size_phone=&#8221;50px&#8221; header_font_size_last_edited=&#8221;on|phone&#8221; global_colors_info=&#8221;{}&#8221; theme_builder_area=&#8221;post_content&#8221; sticky_enabled=&#8221;0&#8243;]<\/p>\n<h1>T\u00f6\u00f6l\u00f6n Vire Privacy Notice<\/h1>\n<p>[\/et_pb_text][et_pb_text _builder_version=&#8221;4.25.0&#8243; _module_preset=&#8221;default&#8221; theme_builder_area=&#8221;post_content&#8221; hover_enabled=&#8221;0&#8243; sticky_enabled=&#8221;0&#8243; text_text_color=&#8221;#F6E9D5&#8243; text_font_size=&#8221;22px&#8221; text_line_height=&#8221;1.8em&#8221;]Valid from 24 January 2019.[\/et_pb_text][\/et_pb_column][et_pb_column type=&#8221;1_2&#8243; _builder_version=&#8221;4.24.3&#8243; _module_preset=&#8221;default&#8221; background_enable_image=&#8221;off&#8221; background_size=&#8221;contain&#8221; background_position=&#8221;center_right&#8221; custom_css_main_element=&#8221;display: flex; ||flex-direction: column; &#8221; global_colors_info=&#8221;{}&#8221; theme_builder_area=&#8221;post_content&#8221;][et_pb_image src=&#8221;https:\/\/toolonvire.fi\/wp-content\/uploads\/2024\/04\/toolon-vire-kuvitus-2.jpg&#8221; _builder_version=&#8221;4.24.3&#8243; _module_preset=&#8221;default&#8221; custom_margin=&#8221;auto|-100px|0px|-80px|false|false&#8221; custom_margin_tablet=&#8221;-30px|0px|0px|0px|false|false&#8221; custom_margin_phone=&#8221;-30px||0px||false|false&#8221; custom_margin_last_edited=&#8221;on|phone&#8221; custom_padding=&#8221;||0px||false|false&#8221; global_colors_info=&#8221;{}&#8221; theme_builder_area=&#8221;post_content&#8221;][\/et_pb_image][\/et_pb_column][\/et_pb_row][\/et_pb_section][et_pb_section fb_built=&#8221;1&#8243; theme_builder_area=&#8221;post_content&#8221; _builder_version=&#8221;4.25.0&#8243; _module_preset=&#8221;default&#8221; background_color=&#8221;#F6E9D5&#8243; hover_enabled=&#8221;0&#8243; sticky_enabled=&#8221;0&#8243;][et_pb_row _builder_version=&#8221;4.25.0&#8243; _module_preset=&#8221;default&#8221; theme_builder_area=&#8221;post_content&#8221;][et_pb_column _builder_version=&#8221;4.25.0&#8243; _module_preset=&#8221;default&#8221; type=&#8221;4_4&#8243; theme_builder_area=&#8221;post_content&#8221;][et_pb_text _builder_version=&#8221;4.25.0&#8243; _module_preset=&#8221;default&#8221; theme_builder_area=&#8221;post_content&#8221; hover_enabled=&#8221;0&#8243; sticky_enabled=&#8221;0&#8243; text_font_size=&#8221;22px&#8221; text_line_height=&#8221;1.8em&#8221;]<\/p>\n<p>T\u00f6\u00f6l\u00f6n Vire &amp; Voima Oy respects the privacy of every person who uses its services. This is an information document in accordance with the EU General Data Protection Regulation (2016\/679) for T\u00f6\u00f6l\u00f6n Vire &amp; Voima Oy&#8217;s customers and potential customers. The Privacy Policy describes our policy regarding the collection, use, publication and transfer of information to which the Privacy Policy applies. The data protection policy takes into account the EU&#8217;s general data protection regulation, the legislation in force in Finland and the instructions and recommendations given by the Data Protection Commissioner.<\/p>\n<h3>Who we are<\/h3>\n<p>Our website address is https:\/\/toolonvire.fi. The service is represented by T\u00f6\u00f6l\u00f6n Vire &amp; Voima Oy, whose business identification number is 3017163-6. Questions, comments and requests related to this statement are welcome and should be sent to johanna@toolonvire.fi.<\/p>\n<h3>What personal data do we collect and why?<\/h3>\n<p>Personal data refers to all kinds of entries describing a natural person or their characteristics or living conditions, which can be identified as relating to them or their family or those living in the same household with them. It does not matter by what means or on what platform the information is stored.<\/p>\n<p>Personal data is collected and processed for managing, developing and managing customer relationships and other relevant connections. In addition, the purpose of data processing is customer communication and marketing, electronic newsletter delivery, including direct marketing and opinion and market research. Personal data is not used for automatic decision-making or profiling.<\/p>\n<h3>Customer service<\/h3>\n<p>Customer feedback or questions can be forwarded to T\u00f6\u00f6l\u00f6n Vire Oy by phone or email. E-mail messages are processed by the person to whom you have addressed your message.<\/p>\n<h3>Contact forms<\/h3>\n<p>T\u00f6\u00f6l\u00f6n Vire Oy&#8217;s website has contact forms to improve the customer experience and speed up contact. In all contact forms, we collect personal data from customers in order to be able to identify customer contacts and respond to them. Personal data includes name, e-mail address, telephone number and other additional information entered by the customer. We also collect the user&#8217;s IP address and browser version information to facilitate the identification of spam messages. We keep this personal data for two years, unless the legislation requires otherwise.<\/p>\n<h3>Cookies<\/h3>\n<p>Our website uses cookies. A cookie is a small text file that is sent to the user&#8217;s computer and stored there, which enables, among other things, the basic functions of the site and helps to identify visitors who visit the pages.<\/p>\n<h3>Preventing the use of cookies<\/h3>\n<p>The user can define in his browser settings whether he wants to accept or deny the use of cookies. The user can also define the browser setting to notify the use of cookies on websites, in which case the user can accept the use of cookies on a case-by-case basis.<\/p>\n<h3>Analytics<\/h3>\n<p>Statistical visitor data is collected from the online services, for which the Google Analytics program provided by Google (Google Inc.) is used, which facilitates the monitoring of the use of the site. For this purpose, Google Analytics uses cookies, which are text files transferred to the user&#8217;s computer. The information generated by cookies about the use of this website is transferred to and stored by Google. The user&#8217;s IP address is anonymized before it is sent to Google. In accordance with its Privacy Shield certification, Google states that it complies with the EU-US Privacy Shield arrangement. Google can deliver data collected by Google Analytics to third parties when required by law or when third parties process data on Google&#8217;s behalf. According to the terms of use of Google Analytics, Google does not combine the registered IP addresses with any other information stored by Google.<\/p>\n<p>You can find more information about the privacy policy related to the Google Analytics service at https:\/\/policies.google.com\/privacy.<\/p>\n<h3>Information sources<\/h3>\n<p>The information is obtained as a result of T\u00f6\u00f6l\u00f6n Vire Oy&#8217;s own operations and as entered by the customer himself when he fills out the contact form. The main source of information is the customer themself. Information can also be obtained from official and company data registers and from common partners.<\/p>\n<h3>Data transfer<\/h3>\n<p>The information in the customer register is only used by T\u00f6\u00f6l\u00f6n Vire Oy, except when using an external service provider to provide a value-added service. However, the information is not disclosed to outside parties or for the partners&#8217; own use, except in matters related to collection or invoicing and when required by law. Personal data will not be transferred outside the European Union or the European Economic Area, unless it is necessary for the implementation of the service related to the customership or other material connection.<\/p>\n<h3>How long we keep your data<\/h3>\n<p>The personal data storage times followed by T\u00f6\u00f6l\u00f6n Vire Oy are based on the statutory obligations of the data controller, the agreement between the data controller and the customer, and to the rights and obligations due to the customer and the controller. All personal data is stored by T\u00f6\u00f6l\u00f6n Vire Oy for 3 years, unless otherwise required by legislation.<\/p>\n<p>All persons have the opportunity to see, modify and delete their own personal data at any time by contacting johanna@toolonvire.fi.<\/p>\n<h3>What rights do you have to your own information<\/h3>\n<p>If you have been in contact with us by e-mail or via the contact form, you can request a summary file of your own personal data, including all the personal data you have given us. You can also request the deletion of your personal data. The right to delete your own data does not apply to personal data that we have to keep for maintenance, legal or information security reasons.<\/p>\n<h3>How we protect your personal data<\/h3>\n<p>Only those employees who have the right to process customer data for their work are entitled to use the system containing customer data. Each user has their own username and password for the system. Data is collected in databases and e-mails that are protected by firewalls, passwords and other technical means. The databases and their backups are located in locked rooms and only certain persons can access the information.<\/p>\n<h3>How we act in the event of a data breach<\/h3>\n<p>If T\u00f6\u00f6l\u00f6 Vire Oy becomes aware of a data security breach targeting the systems, which is likely to seriously endanger users&#8217; privacy, T\u00f6\u00f6l\u00f6n Vire Oy will notify users of the data security breach without undue delay. The notification tells which information is affected by the data security breach, what are the likely consequences of the breach and what measures have been taken as a result of the data security breach.<\/p>\n<p>[\/et_pb_text][\/et_pb_column][\/et_pb_row][\/et_pb_section]<\/p>\n","protected":false},"excerpt":{"rendered":"<p>T\u00f6\u00f6l\u00f6n Vire Privacy NoticeValid from 24 January 2019.T\u00f6\u00f6l\u00f6n Vire &amp; Voima Oy respects the privacy of every person who uses its services. This is an information document in accordance with the EU General Data Protection Regulation (2016\/679) for T\u00f6\u00f6l\u00f6n Vire &amp; Voima Oy&#8217;s customers and potential customers. The Privacy Policy describes our policy regarding the [&hellip;]<\/p>\n","protected":false},"author":1,"featured_media":0,"parent":0,"menu_order":0,"comment_status":"closed","ping_status":"closed","template":"","meta":{"_acf_changed":false,"_et_pb_use_builder":"on","_et_pb_old_content":"","_et_gb_content_width":"","footnotes":""},"class_list":["post-586","page","type-page","status-publish","hentry"],"acf":[],"yoast_head":"<!-- This site is optimized with the Yoast SEO plugin v27.5 - https:\/\/yoast.com\/product\/yoast-seo-wordpress\/ -->\n<title>Privacy notice - T\u00f6\u00f6l\u00f6n Vire<\/title>\n<meta name=\"robots\" content=\"index, follow, max-snippet:-1, max-image-preview:large, max-video-preview:-1\" \/>\n<link rel=\"canonical\" href=\"https:\/\/toolonvire.fi\/en\/privacy-notice\/\" \/>\n<meta property=\"og:locale\" content=\"en_US\" \/>\n<meta property=\"og:type\" content=\"article\" \/>\n<meta property=\"og:title\" content=\"Privacy notice - T\u00f6\u00f6l\u00f6n Vire\" \/>\n<meta property=\"og:description\" content=\"T\u00f6\u00f6l\u00f6n Vire Privacy NoticeValid from 24 January 2019.T\u00f6\u00f6l\u00f6n Vire &amp; Voima Oy respects the privacy of every person who uses its services. This is an information document in accordance with the EU General Data Protection Regulation (2016\/679) for T\u00f6\u00f6l\u00f6n Vire &amp; Voima Oy&#039;s customers and potential customers. The Privacy Policy describes our policy regarding the [&hellip;]\" \/>\n<meta property=\"og:url\" content=\"https:\/\/toolonvire.fi\/en\/privacy-notice\/\" \/>\n<meta property=\"og:site_name\" content=\"T\u00f6\u00f6l\u00f6n Vire\" \/>\n<meta property=\"article:modified_time\" content=\"2024-06-18T06:32:20+00:00\" \/>\n<meta name=\"twitter:card\" content=\"summary_large_image\" \/>\n<meta name=\"twitter:label1\" content=\"Est. reading time\" \/>\n\t<meta name=\"twitter:data1\" content=\"8 minutes\" \/>\n<script type=\"application\/ld+json\" class=\"yoast-schema-graph\">{\"@context\":\"https:\\\/\\\/schema.org\",\"@graph\":[{\"@type\":\"WebPage\",\"@id\":\"https:\\\/\\\/toolonvire.fi\\\/en\\\/privacy-notice\\\/\",\"url\":\"https:\\\/\\\/toolonvire.fi\\\/en\\\/privacy-notice\\\/\",\"name\":\"Privacy notice - T\u00f6\u00f6l\u00f6n Vire\",\"isPartOf\":{\"@id\":\"https:\\\/\\\/toolonvire.fi\\\/en\\\/#website\"},\"datePublished\":\"2024-05-20T09:36:25+00:00\",\"dateModified\":\"2024-06-18T06:32:20+00:00\",\"breadcrumb\":{\"@id\":\"https:\\\/\\\/toolonvire.fi\\\/en\\\/privacy-notice\\\/#breadcrumb\"},\"inLanguage\":\"en-US\",\"potentialAction\":[{\"@type\":\"ReadAction\",\"target\":[\"https:\\\/\\\/toolonvire.fi\\\/en\\\/privacy-notice\\\/\"]}]},{\"@type\":\"BreadcrumbList\",\"@id\":\"https:\\\/\\\/toolonvire.fi\\\/en\\\/privacy-notice\\\/#breadcrumb\",\"itemListElement\":[{\"@type\":\"ListItem\",\"position\":1,\"name\":\"Etusivu\",\"item\":\"https:\\\/\\\/toolonvire.fi\\\/en\\\/\"},{\"@type\":\"ListItem\",\"position\":2,\"name\":\"Privacy notice\"}]},{\"@type\":\"WebSite\",\"@id\":\"https:\\\/\\\/toolonvire.fi\\\/en\\\/#website\",\"url\":\"https:\\\/\\\/toolonvire.fi\\\/en\\\/\",\"name\":\"T\u00f6\u00f6l\u00f6n Vire\",\"description\":\"Hyv\u00e4 HR on paras PR\",\"potentialAction\":[{\"@type\":\"SearchAction\",\"target\":{\"@type\":\"EntryPoint\",\"urlTemplate\":\"https:\\\/\\\/toolonvire.fi\\\/en\\\/?s={search_term_string}\"},\"query-input\":{\"@type\":\"PropertyValueSpecification\",\"valueRequired\":true,\"valueName\":\"search_term_string\"}}],\"inLanguage\":\"en-US\"}]}<\/script>\n<!-- \/ Yoast SEO plugin. -->","yoast_head_json":{"title":"Privacy notice - T\u00f6\u00f6l\u00f6n Vire","robots":{"index":"index","follow":"follow","max-snippet":"max-snippet:-1","max-image-preview":"max-image-preview:large","max-video-preview":"max-video-preview:-1"},"canonical":"https:\/\/toolonvire.fi\/en\/privacy-notice\/","og_locale":"en_US","og_type":"article","og_title":"Privacy notice - T\u00f6\u00f6l\u00f6n Vire","og_description":"T\u00f6\u00f6l\u00f6n Vire Privacy NoticeValid from 24 January 2019.T\u00f6\u00f6l\u00f6n Vire &amp; Voima Oy respects the privacy of every person who uses its services. This is an information document in accordance with the EU General Data Protection Regulation (2016\/679) for T\u00f6\u00f6l\u00f6n Vire &amp; Voima Oy's customers and potential customers. The Privacy Policy describes our policy regarding the [&hellip;]","og_url":"https:\/\/toolonvire.fi\/en\/privacy-notice\/","og_site_name":"T\u00f6\u00f6l\u00f6n Vire","article_modified_time":"2024-06-18T06:32:20+00:00","twitter_card":"summary_large_image","twitter_misc":{"Est. reading time":"8 minutes"},"schema":{"@context":"https:\/\/schema.org","@graph":[{"@type":"WebPage","@id":"https:\/\/toolonvire.fi\/en\/privacy-notice\/","url":"https:\/\/toolonvire.fi\/en\/privacy-notice\/","name":"Privacy notice - T\u00f6\u00f6l\u00f6n Vire","isPartOf":{"@id":"https:\/\/toolonvire.fi\/en\/#website"},"datePublished":"2024-05-20T09:36:25+00:00","dateModified":"2024-06-18T06:32:20+00:00","breadcrumb":{"@id":"https:\/\/toolonvire.fi\/en\/privacy-notice\/#breadcrumb"},"inLanguage":"en-US","potentialAction":[{"@type":"ReadAction","target":["https:\/\/toolonvire.fi\/en\/privacy-notice\/"]}]},{"@type":"BreadcrumbList","@id":"https:\/\/toolonvire.fi\/en\/privacy-notice\/#breadcrumb","itemListElement":[{"@type":"ListItem","position":1,"name":"Etusivu","item":"https:\/\/toolonvire.fi\/en\/"},{"@type":"ListItem","position":2,"name":"Privacy notice"}]},{"@type":"WebSite","@id":"https:\/\/toolonvire.fi\/en\/#website","url":"https:\/\/toolonvire.fi\/en\/","name":"T\u00f6\u00f6l\u00f6n Vire","description":"Hyv\u00e4 HR on paras PR","potentialAction":[{"@type":"SearchAction","target":{"@type":"EntryPoint","urlTemplate":"https:\/\/toolonvire.fi\/en\/?s={search_term_string}"},"query-input":{"@type":"PropertyValueSpecification","valueRequired":true,"valueName":"search_term_string"}}],"inLanguage":"en-US"}]}},"_links":{"self":[{"href":"https:\/\/toolonvire.fi\/en\/wp-json\/wp\/v2\/pages\/586","targetHints":{"allow":["GET"]}}],"collection":[{"href":"https:\/\/toolonvire.fi\/en\/wp-json\/wp\/v2\/pages"}],"about":[{"href":"https:\/\/toolonvire.fi\/en\/wp-json\/wp\/v2\/types\/page"}],"author":[{"embeddable":true,"href":"https:\/\/toolonvire.fi\/en\/wp-json\/wp\/v2\/users\/1"}],"replies":[{"embeddable":true,"href":"https:\/\/toolonvire.fi\/en\/wp-json\/wp\/v2\/comments?post=586"}],"version-history":[{"count":0,"href":"https:\/\/toolonvire.fi\/en\/wp-json\/wp\/v2\/pages\/586\/revisions"}],"wp:attachment":[{"href":"https:\/\/toolonvire.fi\/en\/wp-json\/wp\/v2\/media?parent=586"}],"curies":[{"name":"wp","href":"https:\/\/api.w.org\/{rel}","templated":true}]}}