{"id":574,"date":"2024-04-22T14:19:55","date_gmt":"2024-04-22T11:19:55","guid":{"rendered":"https:\/\/toolonvire.fi\/contact\/"},"modified":"2024-06-18T09:49:45","modified_gmt":"2024-06-18T06:49:45","slug":"contact","status":"publish","type":"page","link":"https:\/\/toolonvire.fi\/en\/contact\/","title":{"rendered":"Contact"},"content":{"rendered":"<p>[et_pb_section fb_built=&#8221;1&#8243; _builder_version=&#8221;4.24.3&#8243; _module_preset=&#8221;default&#8221; background_color=&#8221;#3C5B48&#8243; background_enable_image=&#8221;off&#8221; background_size=&#8221;contain&#8221; background_position=&#8221;bottom_right&#8221; custom_margin=&#8221;||||false|false&#8221; custom_padding=&#8221;20px||0px||false|false&#8221; global_colors_info=&#8221;{}&#8221;][et_pb_row column_structure=&#8221;1_2,1_2&#8243; make_equal=&#8221;on&#8221; _builder_version=&#8221;4.24.3&#8243; _module_preset=&#8221;default&#8221; width_tablet=&#8221;&#8221; width_phone=&#8221;90%&#8221; width_last_edited=&#8221;on|phone&#8221; max_width=&#8221;1500px&#8221; custom_padding=&#8221;10px||0px||false|false&#8221; global_colors_info=&#8221;{}&#8221;][et_pb_column type=&#8221;1_2&#8243; _builder_version=&#8221;4.24.3&#8243; _module_preset=&#8221;default&#8221; custom_padding=&#8221;|20px||20px|false|true&#8221; global_colors_info=&#8221;{}&#8221;][et_pb_text _builder_version=&#8221;4.25.2&#8243; _module_preset=&#8221;default&#8221; text_text_color=&#8221;#F6E9D5&#8243; text_font_size=&#8221;23px&#8221; text_line_height=&#8221;1.5em&#8221; header_text_color=&#8221;#F6E9D5&#8243; header_font_size=&#8221;83px&#8221; custom_padding=&#8221;25%||||false|false&#8221; hover_enabled=&#8221;0&#8243; header_font_size_tablet=&#8221;80px&#8221; header_font_size_phone=&#8221;60px&#8221; header_font_size_last_edited=&#8221;on|tablet&#8221; global_colors_info=&#8221;{}&#8221; sticky_enabled=&#8221;0&#8243;]<\/p>\n<h1>Contact us!<\/h1>\n<p>[\/et_pb_text][et_pb_text _builder_version=&#8221;4.25.2&#8243; _module_preset=&#8221;default&#8221; text_text_color=&#8221;#F6E9D5&#8243; text_font_size=&#8221;28px&#8221; text_line_height=&#8221;1.5em&#8221; custom_padding=&#8221;||||false|false&#8221; hover_enabled=&#8221;0&#8243; global_colors_info=&#8221;{}&#8221; custom_margin=&#8221;||60px||false|false&#8221; sticky_enabled=&#8221;0&#8243; custom_margin_last_edited=&#8221;on|tablet&#8221; custom_margin_tablet=&#8221;||0px||false|false&#8221; custom_margin_phone=&#8221;||0px||false|false&#8221;]<\/p>\n<p>T\u00f6\u00f6l\u00f6n Vire &amp; Voima Oy<br \/>Temppelikatu 8, T\u00f6\u00f6l\u00f6, 00100 Helsinki, Finland<\/p>\n<p>VAT-no: FI30171636<\/p>\n<p>johanna@toolonvire.fi<br \/>+358 40 700 4826<\/p>\n<p>[\/et_pb_text][\/et_pb_column][et_pb_column type=&#8221;1_2&#8243; _builder_version=&#8221;4.24.3&#8243; _module_preset=&#8221;default&#8221; background_enable_image=&#8221;off&#8221; background_size=&#8221;contain&#8221; background_position=&#8221;center_right&#8221; custom_css_main_element=&#8221;display: flex; ||flex-direction: column; &#8221; global_colors_info=&#8221;{}&#8221;][et_pb_image src=&#8221;https:\/\/imagedelivery.net\/IJC_z4Uma0UREOtCDhmdTw\/7b3d3781-c917-452e-5acc-4a8682b30200\/ToolonVireFull&#8221; _builder_version=&#8221;4.25.1&#8243; _module_preset=&#8221;default&#8221; custom_margin=&#8221;auto|-100px|0px|-80px|false|false&#8221; custom_margin_tablet=&#8221;-30px|0px|0px|0px|false|false&#8221; custom_margin_phone=&#8221;-30px||0px||false|false&#8221; custom_margin_last_edited=&#8221;on|phone&#8221; custom_padding=&#8221;||0px||false|false&#8221; global_colors_info=&#8221;{}&#8221;][\/et_pb_image][\/et_pb_column][\/et_pb_row][\/et_pb_section]<\/p>\n","protected":false},"excerpt":{"rendered":"<p>Contact us!T\u00f6\u00f6l\u00f6n Vire &amp; Voima OyTemppelikatu 8, T\u00f6\u00f6l\u00f6, 00100 Helsinki, Finland VAT-no: FI30171636 johanna@toolonvire.fi+358 40 700 4826<\/p>\n","protected":false},"author":1,"featured_media":0,"parent":0,"menu_order":0,"comment_status":"closed","ping_status":"closed","template":"","meta":{"_acf_changed":false,"_et_pb_use_builder":"on","_et_pb_old_content":"","_et_gb_content_width":"","_improvement_type_select":"improve_an_existing","_thumb_yes_seoaic":false,"_frame_yes_seoaic":false,"seoaic_generate_description":"","seoaic_improve_instructions_prompt":"","seoaic_rollback_content_improvement":"","seoaic_idea_thumbnail_generator":"","thumbnail_generated":false,"thumbnail_generate_prompt":"","seoaic_article_description":"","footnotes":""},"class_list":["post-574","page","type-page","status-publish","hentry"],"acf":[],"yoast_head":"<!-- This site is optimized with the Yoast SEO plugin v27.3 - https:\/\/yoast.com\/product\/yoast-seo-wordpress\/ -->\n<title>Contact - T\u00f6\u00f6l\u00f6n Vire<\/title>\n<meta name=\"robots\" content=\"index, follow, max-snippet:-1, max-image-preview:large, max-video-preview:-1\" \/>\n<link rel=\"canonical\" href=\"https:\/\/toolonvire.fi\/en\/contact\/\" \/>\n<meta property=\"og:locale\" content=\"en_US\" \/>\n<meta property=\"og:type\" content=\"article\" \/>\n<meta property=\"og:title\" content=\"Contact - T\u00f6\u00f6l\u00f6n Vire\" \/>\n<meta property=\"og:description\" content=\"Contact us!T\u00f6\u00f6l\u00f6n Vire &amp; Voima OyTemppelikatu 8, T\u00f6\u00f6l\u00f6, 00100 Helsinki, Finland VAT-no: FI30171636 johanna@toolonvire.fi+358 40 700 4826\" \/>\n<meta property=\"og:url\" content=\"https:\/\/toolonvire.fi\/en\/contact\/\" \/>\n<meta property=\"og:site_name\" content=\"T\u00f6\u00f6l\u00f6n Vire\" \/>\n<meta property=\"article:modified_time\" content=\"2024-06-18T06:49:45+00:00\" \/>\n<meta name=\"twitter:card\" content=\"summary_large_image\" \/>\n<meta name=\"twitter:label1\" content=\"Est. reading time\" \/>\n\t<meta name=\"twitter:data1\" content=\"2 minutes\" \/>\n<script type=\"application\/ld+json\" class=\"yoast-schema-graph\">{\"@context\":\"https:\\\/\\\/schema.org\",\"@graph\":[{\"@type\":\"WebPage\",\"@id\":\"https:\\\/\\\/toolonvire.fi\\\/en\\\/contact\\\/\",\"url\":\"https:\\\/\\\/toolonvire.fi\\\/en\\\/contact\\\/\",\"name\":\"Contact - T\u00f6\u00f6l\u00f6n Vire\",\"isPartOf\":{\"@id\":\"https:\\\/\\\/toolonvire.fi\\\/en\\\/#website\"},\"datePublished\":\"2024-04-22T11:19:55+00:00\",\"dateModified\":\"2024-06-18T06:49:45+00:00\",\"breadcrumb\":{\"@id\":\"https:\\\/\\\/toolonvire.fi\\\/en\\\/contact\\\/#breadcrumb\"},\"inLanguage\":\"en-US\",\"potentialAction\":[{\"@type\":\"ReadAction\",\"target\":[\"https:\\\/\\\/toolonvire.fi\\\/en\\\/contact\\\/\"]}]},{\"@type\":\"BreadcrumbList\",\"@id\":\"https:\\\/\\\/toolonvire.fi\\\/en\\\/contact\\\/#breadcrumb\",\"itemListElement\":[{\"@type\":\"ListItem\",\"position\":1,\"name\":\"Etusivu\",\"item\":\"https:\\\/\\\/toolonvire.fi\\\/en\\\/\"},{\"@type\":\"ListItem\",\"position\":2,\"name\":\"Contact\"}]},{\"@type\":\"WebSite\",\"@id\":\"https:\\\/\\\/toolonvire.fi\\\/en\\\/#website\",\"url\":\"https:\\\/\\\/toolonvire.fi\\\/en\\\/\",\"name\":\"T\u00f6\u00f6l\u00f6n Vire\",\"description\":\"Hyv\u00e4 HR on paras PR\",\"potentialAction\":[{\"@type\":\"SearchAction\",\"target\":{\"@type\":\"EntryPoint\",\"urlTemplate\":\"https:\\\/\\\/toolonvire.fi\\\/en\\\/?s={search_term_string}\"},\"query-input\":{\"@type\":\"PropertyValueSpecification\",\"valueRequired\":true,\"valueName\":\"search_term_string\"}}],\"inLanguage\":\"en-US\"}]}<\/script>\n<!-- \/ Yoast SEO plugin. -->","yoast_head_json":{"title":"Contact - T\u00f6\u00f6l\u00f6n Vire","robots":{"index":"index","follow":"follow","max-snippet":"max-snippet:-1","max-image-preview":"max-image-preview:large","max-video-preview":"max-video-preview:-1"},"canonical":"https:\/\/toolonvire.fi\/en\/contact\/","og_locale":"en_US","og_type":"article","og_title":"Contact - T\u00f6\u00f6l\u00f6n Vire","og_description":"Contact us!T\u00f6\u00f6l\u00f6n Vire &amp; Voima OyTemppelikatu 8, T\u00f6\u00f6l\u00f6, 00100 Helsinki, Finland VAT-no: FI30171636 johanna@toolonvire.fi+358 40 700 4826","og_url":"https:\/\/toolonvire.fi\/en\/contact\/","og_site_name":"T\u00f6\u00f6l\u00f6n Vire","article_modified_time":"2024-06-18T06:49:45+00:00","twitter_card":"summary_large_image","twitter_misc":{"Est. reading time":"2 minutes"},"schema":{"@context":"https:\/\/schema.org","@graph":[{"@type":"WebPage","@id":"https:\/\/toolonvire.fi\/en\/contact\/","url":"https:\/\/toolonvire.fi\/en\/contact\/","name":"Contact - T\u00f6\u00f6l\u00f6n Vire","isPartOf":{"@id":"https:\/\/toolonvire.fi\/en\/#website"},"datePublished":"2024-04-22T11:19:55+00:00","dateModified":"2024-06-18T06:49:45+00:00","breadcrumb":{"@id":"https:\/\/toolonvire.fi\/en\/contact\/#breadcrumb"},"inLanguage":"en-US","potentialAction":[{"@type":"ReadAction","target":["https:\/\/toolonvire.fi\/en\/contact\/"]}]},{"@type":"BreadcrumbList","@id":"https:\/\/toolonvire.fi\/en\/contact\/#breadcrumb","itemListElement":[{"@type":"ListItem","position":1,"name":"Etusivu","item":"https:\/\/toolonvire.fi\/en\/"},{"@type":"ListItem","position":2,"name":"Contact"}]},{"@type":"WebSite","@id":"https:\/\/toolonvire.fi\/en\/#website","url":"https:\/\/toolonvire.fi\/en\/","name":"T\u00f6\u00f6l\u00f6n Vire","description":"Hyv\u00e4 HR on paras PR","potentialAction":[{"@type":"SearchAction","target":{"@type":"EntryPoint","urlTemplate":"https:\/\/toolonvire.fi\/en\/?s={search_term_string}"},"query-input":{"@type":"PropertyValueSpecification","valueRequired":true,"valueName":"search_term_string"}}],"inLanguage":"en-US"}]}},"_links":{"self":[{"href":"https:\/\/toolonvire.fi\/en\/wp-json\/wp\/v2\/pages\/574","targetHints":{"allow":["GET"]}}],"collection":[{"href":"https:\/\/toolonvire.fi\/en\/wp-json\/wp\/v2\/pages"}],"about":[{"href":"https:\/\/toolonvire.fi\/en\/wp-json\/wp\/v2\/types\/page"}],"author":[{"embeddable":true,"href":"https:\/\/toolonvire.fi\/en\/wp-json\/wp\/v2\/users\/1"}],"replies":[{"embeddable":true,"href":"https:\/\/toolonvire.fi\/en\/wp-json\/wp\/v2\/comments?post=574"}],"version-history":[{"count":0,"href":"https:\/\/toolonvire.fi\/en\/wp-json\/wp\/v2\/pages\/574\/revisions"}],"wp:attachment":[{"href":"https:\/\/toolonvire.fi\/en\/wp-json\/wp\/v2\/media?parent=574"}],"curies":[{"name":"wp","href":"https:\/\/api.w.org\/{rel}","templated":true}]}}