{"id":566,"date":"2024-04-22T14:13:17","date_gmt":"2024-04-22T11:13:17","guid":{"rendered":"https:\/\/toolonvire.fi\/recruitment\/"},"modified":"2024-06-18T09:36:58","modified_gmt":"2024-06-18T06:36:58","slug":"recruitment","status":"publish","type":"page","link":"https:\/\/toolonvire.fi\/en\/recruitment\/","title":{"rendered":"Recruitment"},"content":{"rendered":"<p>[et_pb_section fb_built=&#8221;1&#8243; _builder_version=&#8221;4.25.1&#8243; _module_preset=&#8221;default&#8221; background_color=&#8221;#3C5B48&#8243; background_enable_image=&#8221;off&#8221; background_size=&#8221;contain&#8221; background_position=&#8221;bottom_right&#8221; custom_margin=&#8221;||||false|false&#8221; custom_padding=&#8221;40px||0px||false|false&#8221; global_colors_info=&#8221;{}&#8221;][et_pb_row column_structure=&#8221;1_2,1_2&#8243; make_equal=&#8221;on&#8221; _builder_version=&#8221;4.24.3&#8243; _module_preset=&#8221;default&#8221; width_tablet=&#8221;&#8221; width_phone=&#8221;90%&#8221; width_last_edited=&#8221;on|phone&#8221; max_width=&#8221;1500px&#8221; custom_padding=&#8221;10px||0px||false|false&#8221; global_colors_info=&#8221;{}&#8221;][et_pb_column type=&#8221;1_2&#8243; _builder_version=&#8221;4.24.3&#8243; _module_preset=&#8221;default&#8221; custom_padding=&#8221;|20px||20px|false|true&#8221; global_colors_info=&#8221;{}&#8221;][et_pb_text _builder_version=&#8221;4.24.3&#8243; _module_preset=&#8221;default&#8221; text_text_color=&#8221;#F6E9D5&#8243; text_font_size=&#8221;23px&#8221; text_line_height=&#8221;1.5em&#8221; header_text_color=&#8221;#F6E9D5&#8243; header_font_size=&#8221;90px&#8221; custom_padding=&#8221;25%||||false|false&#8221; header_font_size_tablet=&#8221;80px&#8221; header_font_size_phone=&#8221;60px&#8221; header_font_size_last_edited=&#8221;on|tablet&#8221; global_colors_info=&#8221;{}&#8221;]<\/p>\n<h1>Recruitment<\/h1>\n<p>[\/et_pb_text][et_pb_text _builder_version=&#8221;4.25.0&#8243; _module_preset=&#8221;default&#8221; text_text_color=&#8221;#F6E9D5&#8243; text_font_size=&#8221;28px&#8221; text_line_height=&#8221;1.5em&#8221; custom_padding=&#8221;||||false|false&#8221; global_colors_info=&#8221;{}&#8221;]<\/p>\n<p>Below you will find open positions at T\u00f6\u00f6l\u00f6n Vire. You can also send us an open application!<\/p>\n<p>[\/et_pb_text][et_pb_button button_url=&#8221;@ET-DC@eyJkeW5hbWljIjp0cnVlLCJjb250ZW50IjoicG9zdF9saW5rX3VybF9wYWdlIiwic2V0dGluZ3MiOnsicG9zdF9pZCI6IjI5NyJ9fQ==@&#8221; button_text=&#8221;Contact us&#8221; _builder_version=&#8221;4.25.2&#8243; _module_preset=&#8221;default&#8221; custom_button=&#8221;on&#8221; button_text_color=&#8221;#F6E9D5&#8243; button_bg_color=&#8221;#573B6D&#8221; button_border_width=&#8221;0px&#8221; button_border_radius=&#8221;100px&#8221; button_font=&#8221;RecoletaBlack|||on|||||&#8221; custom_margin=&#8221;||16%||false|false&#8221; custom_margin_tablet=&#8221;||0%||false|false&#8221; custom_margin_phone=&#8221;||0%||false|false&#8221; custom_margin_last_edited=&#8221;on|tablet&#8221; custom_padding=&#8221;10px||6px||false|false&#8221; custom_padding_tablet=&#8221;10px||6px||false|false&#8221; custom_padding_phone=&#8221;10px||6px||false|false&#8221; custom_padding_last_edited=&#8221;on|tablet&#8221; hover_enabled=&#8221;0&#8243; global_colors_info=&#8221;{}&#8221; _dynamic_attributes=&#8221;button_url&#8221; sticky_enabled=&#8221;0&#8243;][\/et_pb_button][\/et_pb_column][et_pb_column type=&#8221;1_2&#8243; _builder_version=&#8221;4.24.3&#8243; _module_preset=&#8221;default&#8221; background_enable_image=&#8221;off&#8221; background_size=&#8221;contain&#8221; background_position=&#8221;center_right&#8221; custom_css_main_element=&#8221;display: flex; ||flex-direction: column; &#8221; global_colors_info=&#8221;{}&#8221;][et_pb_image src=&#8221;https:\/\/imagedelivery.net\/IJC_z4Uma0UREOtCDhmdTw\/cab210a0-d288-43cb-8d8c-6ed3d2c98300\/ToolonVireFull&#8221; _builder_version=&#8221;4.25.1&#8243; _module_preset=&#8221;default&#8221; custom_margin=&#8221;auto|-100px|0px|-80px|false|false&#8221; custom_margin_tablet=&#8221;-30px|0px|0px|0px|false|false&#8221; custom_margin_phone=&#8221;-30px||0px||false|false&#8221; custom_margin_last_edited=&#8221;on|phone&#8221; custom_padding=&#8221;||0px||false|false&#8221; global_colors_info=&#8221;{}&#8221;][\/et_pb_image][\/et_pb_column][\/et_pb_row][\/et_pb_section][et_pb_section fb_built=&#8221;1&#8243; _builder_version=&#8221;4.24.3&#8243; _module_preset=&#8221;default&#8221; background_enable_color=&#8221;off&#8221; background_image=&#8221;https:\/\/toolonvire.fi\/wp-content\/uploads\/2024\/04\/toolon-vire-bg.jpg&#8221; background_position=&#8221;bottom_right&#8221; custom_padding=&#8221;100px||100px||true|false&#8221; global_colors_info=&#8221;{}&#8221;][et_pb_row make_equal=&#8221;on&#8221; _builder_version=&#8221;4.25.0&#8243; _module_preset=&#8221;default&#8221; background_enable_color=&#8221;off&#8221; width_tablet=&#8221;&#8221; width_phone=&#8221;80%&#8221; width_last_edited=&#8221;on|phone&#8221; max_width=&#8221;1500px&#8221; custom_margin=&#8221;||0px||false|false&#8221; custom_padding=&#8221;0px||0px||true|false&#8221; global_colors_info=&#8221;{}&#8221;][et_pb_column type=&#8221;4_4&#8243; _builder_version=&#8221;4.25.0&#8243; _module_preset=&#8221;default&#8221; background_enable_image=&#8221;off&#8221; custom_padding_tablet=&#8221;9%|5%|10%|5%|false|true&#8221; custom_padding_phone=&#8221;7%|0%|7%|0%|true|true&#8221; custom_padding_last_edited=&#8221;on|phone&#8221; custom_css_main_element=&#8221;display: flex; ||flex-direction: column; &#8221; global_colors_info=&#8221;{}&#8221;][et_pb_code _builder_version=&#8221;4.25.0&#8243; _module_preset=&#8221;default&#8221; global_colors_info=&#8221;{}&#8221;]<script type=\"text\/javascript\" src=\"https:\/\/web103.reachmee.com\/customerjs\/helper.js\"><\/script><!-- [et_pb_line_break_holder] --><script type=\"text\/javascript\" src=\"https:\/\/web103.reachmee.com\/customerjs\/I022-1954-9.js\" defer><\/script><!-- [et_pb_line_break_holder] --><\/p>\n<div id=\"reachmee-iframe-1954-9\"><\/div>\n<p>[\/et_pb_code][\/et_pb_column][\/et_pb_row][\/et_pb_section]<\/p>\n","protected":false},"excerpt":{"rendered":"<p>RecruitmentBelow you will find open positions at T\u00f6\u00f6l\u00f6n Vire. You can also send us an open application!<\/p>\n","protected":false},"author":1,"featured_media":0,"parent":0,"menu_order":0,"comment_status":"closed","ping_status":"closed","template":"","meta":{"_acf_changed":false,"_et_pb_use_builder":"on","_et_pb_old_content":"","_et_gb_content_width":"","_improvement_type_select":"improve_an_existing","_thumb_yes_seoaic":false,"_frame_yes_seoaic":false,"seoaic_generate_description":"","seoaic_improve_instructions_prompt":"","seoaic_rollback_content_improvement":"","seoaic_idea_thumbnail_generator":"","thumbnail_generated":false,"thumbnail_generate_prompt":"","seoaic_article_description":"","footnotes":""},"class_list":["post-566","page","type-page","status-publish","hentry"],"acf":[],"yoast_head":"<!-- This site is optimized with the Yoast SEO plugin v27.3 - https:\/\/yoast.com\/product\/yoast-seo-wordpress\/ -->\n<title>Recruitment - T\u00f6\u00f6l\u00f6n Vire<\/title>\n<meta name=\"robots\" content=\"index, follow, max-snippet:-1, max-image-preview:large, max-video-preview:-1\" \/>\n<link rel=\"canonical\" href=\"https:\/\/toolonvire.fi\/en\/recruitment\/\" \/>\n<meta property=\"og:locale\" content=\"en_US\" \/>\n<meta property=\"og:type\" content=\"article\" \/>\n<meta property=\"og:title\" content=\"Recruitment - T\u00f6\u00f6l\u00f6n Vire\" \/>\n<meta property=\"og:description\" content=\"RecruitmentBelow you will find open positions at T\u00f6\u00f6l\u00f6n Vire. You can also send us an open application!\" \/>\n<meta property=\"og:url\" content=\"https:\/\/toolonvire.fi\/en\/recruitment\/\" \/>\n<meta property=\"og:site_name\" content=\"T\u00f6\u00f6l\u00f6n Vire\" \/>\n<meta property=\"article:modified_time\" content=\"2024-06-18T06:36:58+00:00\" \/>\n<meta name=\"twitter:card\" content=\"summary_large_image\" \/>\n<meta name=\"twitter:label1\" content=\"Est. reading time\" \/>\n\t<meta name=\"twitter:data1\" content=\"3 minutes\" \/>\n<script type=\"application\/ld+json\" class=\"yoast-schema-graph\">{\"@context\":\"https:\\\/\\\/schema.org\",\"@graph\":[{\"@type\":\"WebPage\",\"@id\":\"https:\\\/\\\/toolonvire.fi\\\/en\\\/recruitment\\\/\",\"url\":\"https:\\\/\\\/toolonvire.fi\\\/en\\\/recruitment\\\/\",\"name\":\"Recruitment - T\u00f6\u00f6l\u00f6n Vire\",\"isPartOf\":{\"@id\":\"https:\\\/\\\/toolonvire.fi\\\/en\\\/#website\"},\"datePublished\":\"2024-04-22T11:13:17+00:00\",\"dateModified\":\"2024-06-18T06:36:58+00:00\",\"breadcrumb\":{\"@id\":\"https:\\\/\\\/toolonvire.fi\\\/en\\\/recruitment\\\/#breadcrumb\"},\"inLanguage\":\"en-US\",\"potentialAction\":[{\"@type\":\"ReadAction\",\"target\":[\"https:\\\/\\\/toolonvire.fi\\\/en\\\/recruitment\\\/\"]}]},{\"@type\":\"BreadcrumbList\",\"@id\":\"https:\\\/\\\/toolonvire.fi\\\/en\\\/recruitment\\\/#breadcrumb\",\"itemListElement\":[{\"@type\":\"ListItem\",\"position\":1,\"name\":\"Etusivu\",\"item\":\"https:\\\/\\\/toolonvire.fi\\\/en\\\/\"},{\"@type\":\"ListItem\",\"position\":2,\"name\":\"Recruitment\"}]},{\"@type\":\"WebSite\",\"@id\":\"https:\\\/\\\/toolonvire.fi\\\/en\\\/#website\",\"url\":\"https:\\\/\\\/toolonvire.fi\\\/en\\\/\",\"name\":\"T\u00f6\u00f6l\u00f6n Vire\",\"description\":\"Hyv\u00e4 HR on paras PR\",\"potentialAction\":[{\"@type\":\"SearchAction\",\"target\":{\"@type\":\"EntryPoint\",\"urlTemplate\":\"https:\\\/\\\/toolonvire.fi\\\/en\\\/?s={search_term_string}\"},\"query-input\":{\"@type\":\"PropertyValueSpecification\",\"valueRequired\":true,\"valueName\":\"search_term_string\"}}],\"inLanguage\":\"en-US\"}]}<\/script>\n<!-- \/ Yoast SEO plugin. -->","yoast_head_json":{"title":"Recruitment - T\u00f6\u00f6l\u00f6n Vire","robots":{"index":"index","follow":"follow","max-snippet":"max-snippet:-1","max-image-preview":"max-image-preview:large","max-video-preview":"max-video-preview:-1"},"canonical":"https:\/\/toolonvire.fi\/en\/recruitment\/","og_locale":"en_US","og_type":"article","og_title":"Recruitment - T\u00f6\u00f6l\u00f6n Vire","og_description":"RecruitmentBelow you will find open positions at T\u00f6\u00f6l\u00f6n Vire. You can also send us an open application!","og_url":"https:\/\/toolonvire.fi\/en\/recruitment\/","og_site_name":"T\u00f6\u00f6l\u00f6n Vire","article_modified_time":"2024-06-18T06:36:58+00:00","twitter_card":"summary_large_image","twitter_misc":{"Est. reading time":"3 minutes"},"schema":{"@context":"https:\/\/schema.org","@graph":[{"@type":"WebPage","@id":"https:\/\/toolonvire.fi\/en\/recruitment\/","url":"https:\/\/toolonvire.fi\/en\/recruitment\/","name":"Recruitment - T\u00f6\u00f6l\u00f6n Vire","isPartOf":{"@id":"https:\/\/toolonvire.fi\/en\/#website"},"datePublished":"2024-04-22T11:13:17+00:00","dateModified":"2024-06-18T06:36:58+00:00","breadcrumb":{"@id":"https:\/\/toolonvire.fi\/en\/recruitment\/#breadcrumb"},"inLanguage":"en-US","potentialAction":[{"@type":"ReadAction","target":["https:\/\/toolonvire.fi\/en\/recruitment\/"]}]},{"@type":"BreadcrumbList","@id":"https:\/\/toolonvire.fi\/en\/recruitment\/#breadcrumb","itemListElement":[{"@type":"ListItem","position":1,"name":"Etusivu","item":"https:\/\/toolonvire.fi\/en\/"},{"@type":"ListItem","position":2,"name":"Recruitment"}]},{"@type":"WebSite","@id":"https:\/\/toolonvire.fi\/en\/#website","url":"https:\/\/toolonvire.fi\/en\/","name":"T\u00f6\u00f6l\u00f6n Vire","description":"Hyv\u00e4 HR on paras PR","potentialAction":[{"@type":"SearchAction","target":{"@type":"EntryPoint","urlTemplate":"https:\/\/toolonvire.fi\/en\/?s={search_term_string}"},"query-input":{"@type":"PropertyValueSpecification","valueRequired":true,"valueName":"search_term_string"}}],"inLanguage":"en-US"}]}},"_links":{"self":[{"href":"https:\/\/toolonvire.fi\/en\/wp-json\/wp\/v2\/pages\/566","targetHints":{"allow":["GET"]}}],"collection":[{"href":"https:\/\/toolonvire.fi\/en\/wp-json\/wp\/v2\/pages"}],"about":[{"href":"https:\/\/toolonvire.fi\/en\/wp-json\/wp\/v2\/types\/page"}],"author":[{"embeddable":true,"href":"https:\/\/toolonvire.fi\/en\/wp-json\/wp\/v2\/users\/1"}],"replies":[{"embeddable":true,"href":"https:\/\/toolonvire.fi\/en\/wp-json\/wp\/v2\/comments?post=566"}],"version-history":[{"count":0,"href":"https:\/\/toolonvire.fi\/en\/wp-json\/wp\/v2\/pages\/566\/revisions"}],"wp:attachment":[{"href":"https:\/\/toolonvire.fi\/en\/wp-json\/wp\/v2\/media?parent=566"}],"curies":[{"name":"wp","href":"https:\/\/api.w.org\/{rel}","templated":true}]}}